{"id":657,"date":"2022-04-08T16:47:15","date_gmt":"2022-04-08T14:47:15","guid":{"rendered":"https:\/\/www.taglab.it\/demo\/employerland\/?page_id=657"},"modified":"2022-06-29T17:42:04","modified_gmt":"2022-06-29T15:42:04","slug":"urban-escape-training","status":"publish","type":"page","link":"https:\/\/www.employerland.it\/it\/urban-escape-training\/","title":{"rendered":"Urban Escape Training"},"content":{"rendered":"\t\t<div data-elementor-type=\"wp-page\" data-elementor-id=\"657\" class=\"elementor elementor-657\" data-elementor-post-type=\"page\">\n\t\t\t\t\t\t<section class=\"elementor-section elementor-top-section elementor-element elementor-element-4f79e784 elementor-section-content-middle elementor-section-boxed elementor-section-height-default elementor-section-height-default elementor-invisible\" data-id=\"4f79e784\" data-element_type=\"section\" data-e-type=\"section\" data-settings=\"{&quot;animation&quot;:&quot;fadeInUp&quot;}\">\n\t\t\t\t\t\t<div class=\"elementor-container elementor-column-gap-default\">\n\t\t\t\t\t<div class=\"elementor-column elementor-col-100 elementor-top-column elementor-element elementor-element-7134fc13\" data-id=\"7134fc13\" data-element_type=\"column\" data-e-type=\"column\">\n\t\t\t<div class=\"elementor-widget-wrap elementor-element-populated\">\n\t\t\t\t\t\t<div class=\"elementor-element elementor-element-4844dd6 elementor-widget__width-auto elementor-widget elementor-widget-image\" data-id=\"4844dd6\" data-element_type=\"widget\" data-e-type=\"widget\" data-widget_type=\"image.default\">\n\t\t\t\t<div class=\"elementor-widget-container\">\n\t\t\t\t\t\t\t\t\t\t\t\t\t\t\t<img decoding=\"async\" src=\"https:\/\/www.employerland.it\/it\/wp-content\/uploads\/elementor\/thumbs\/format-row-poujgix3xkg132lhp0n28wqvpahptgk8ztlge7d96w.png\" title=\"format-row\" alt=\"format-row\" loading=\"lazy\" \/>\t\t\t\t\t\t\t\t\t\t\t\t\t\t\t<\/div>\n\t\t\t\t<\/div>\n\t\t\t\t<div class=\"elementor-element elementor-element-45853cf5 elementor-widget__width-auto elementor-widget elementor-widget-heading\" data-id=\"45853cf5\" data-element_type=\"widget\" data-e-type=\"widget\" data-widget_type=\"heading.default\">\n\t\t\t\t<div class=\"elementor-widget-container\">\n\t\t\t\t\t<div class=\"elementor-heading-title elementor-size-default\"><a href=\"https:\/\/www.employerland.it\/it\/format\/\">ONBOARDING &amp; TRAINING<\/a><\/div>\t\t\t\t<\/div>\n\t\t\t\t<\/div>\n\t\t\t\t\t<\/div>\n\t\t<\/div>\n\t\t\t\t\t<\/div>\n\t\t<\/section>\n\t\t\t\t<section class=\"elementor-section elementor-top-section elementor-element elementor-element-4806371 elementor-section-boxed elementor-section-height-default elementor-section-height-default\" data-id=\"4806371\" data-element_type=\"section\" data-e-type=\"section\">\n\t\t\t\t\t\t<div class=\"elementor-container elementor-column-gap-default\">\n\t\t\t\t\t<div class=\"elementor-column elementor-col-100 elementor-top-column elementor-element elementor-element-730b0cb\" data-id=\"730b0cb\" data-element_type=\"column\" data-e-type=\"column\">\n\t\t\t<div class=\"elementor-widget-wrap elementor-element-populated\">\n\t\t\t\t\t\t<div class=\"elementor-element elementor-element-485b9ee elementor-widget elementor-widget-image\" data-id=\"485b9ee\" data-element_type=\"widget\" data-e-type=\"widget\" data-widget_type=\"image.default\">\n\t\t\t\t<div class=\"elementor-widget-container\">\n\t\t\t\t\t\t\t\t\t\t\t\t\t\t\t<img decoding=\"async\" width=\"300\" height=\"150\" src=\"https:\/\/www.employerland.it\/it\/wp-content\/uploads\/2022\/04\/Urban_Escape_Training_left-300x150.png\" class=\"attachment-medium size-medium wp-image-663\" alt=\"\" srcset=\"https:\/\/www.employerland.it\/it\/wp-content\/uploads\/2022\/04\/Urban_Escape_Training_left-300x150.png 300w, https:\/\/www.employerland.it\/it\/wp-content\/uploads\/2022\/04\/Urban_Escape_Training_left.png 600w\" sizes=\"(max-width: 300px) 100vw, 300px\" \/>\t\t\t\t\t\t\t\t\t\t\t\t\t\t\t<\/div>\n\t\t\t\t<\/div>\n\t\t\t\t\t<\/div>\n\t\t<\/div>\n\t\t\t\t\t<\/div>\n\t\t<\/section>\n\t\t\t\t<section class=\"elementor-section elementor-top-section elementor-element elementor-element-b44bb8b elementor-section-boxed elementor-section-height-default elementor-section-height-default elementor-invisible\" data-id=\"b44bb8b\" data-element_type=\"section\" data-e-type=\"section\" data-settings=\"{&quot;animation&quot;:&quot;fadeInRight&quot;}\">\n\t\t\t\t\t\t<div class=\"elementor-container elementor-column-gap-wider\">\n\t\t\t\t\t<div class=\"elementor-column elementor-col-50 elementor-top-column elementor-element elementor-element-a54a256\" data-id=\"a54a256\" data-element_type=\"column\" data-e-type=\"column\">\n\t\t\t<div class=\"elementor-widget-wrap elementor-element-populated\">\n\t\t\t\t\t\t<div class=\"elementor-element elementor-element-4f5dc8b elementor-widget elementor-widget-text-editor\" data-id=\"4f5dc8b\" data-element_type=\"widget\" data-e-type=\"widget\" data-widget_type=\"text-editor.default\">\n\t\t\t\t<div class=\"elementor-widget-container\">\n\t\t\t\t\t\t\t\t\t<p>Un nuovo format \u201clive\u201d pensato per la formazione del personale dei dipendenti interni.\u00a0 Una serie di enigmi e trappole saranno sparse per le citt\u00e0 aspettando il team che pi\u00f9 velocemente sapr\u00e0 trovare e risolvere tutti gli elementi del game. Gli obiettivi del percorso Urban Escape Training:<\/p><table style=\"margin: 0; font-size: 100%;\" border=\"0\" width=\"100%\" cellspacing=\"0\" cellpadding=\"5\" align=\"center\"><tbody><tr><td style=\"background: none; border: none; line-height: 1.1em;\" align=\"center\" valign=\"middle\" width=\"33%\"><strong>Riconnettere<\/strong><br \/><strong>le persone<\/strong><\/td><td style=\"background: none; border: none; line-height: 1.1em;\" align=\"center\" valign=\"middle\" width=\"33%\"><strong>Ripartire<\/strong><br \/><strong>dai nostri team<\/strong><\/td><td style=\"background: none; border: none; line-height: 1.1em;\" align=\"center\" valign=\"middle\" width=\"33%\"><strong>Ridare<\/strong><br \/><strong>stimoli sul futuro<\/strong><\/td><\/tr><\/tbody><\/table><p>Un nuovo modo di fare formazione in totale sicurezza prendendo spunto dalle bellezze e suggestioni che possono riservarci le nostre Citt\u00e0. Un percorso nuovo ed avvincente che possiamo progettare ad hoc in base alle esigenze dell\u2019azienda. L\u2019Urban Escape Training \u00e8 un workshop articolato su un percorso on the road itinerante per la citt\u00e0 che porta i partecipanti a scoprire, in vari punti che condivideremo insieme, i pillar del modello Growth Mindset. Tutto verr\u00e0 organizzato in piccoli gruppi e all\u2019aperto per garantire la massima sicurezza ai partecipanti!<br \/><strong>Il Team di Employerland \u00e8 a tua disposizione per costruire il percorso Urban Escape Training pi\u00f9 vicino alle tue esigenze.<\/strong><\/p>\t\t\t\t\t\t\t\t<\/div>\n\t\t\t\t<\/div>\n\t\t\t\t<div class=\"elementor-element elementor-element-4339855 elementor-widget elementor-widget-heading\" data-id=\"4339855\" data-element_type=\"widget\" data-e-type=\"widget\" data-widget_type=\"heading.default\">\n\t\t\t\t<div class=\"elementor-widget-container\">\n\t\t\t\t\t<div class=\"elementor-heading-title elementor-size-default\"><a href=\"https:\/\/www.employerland.it\/it\/#contatti\">Richiedi info<\/a><\/div>\t\t\t\t<\/div>\n\t\t\t\t<\/div>\n\t\t\t\t\t<\/div>\n\t\t<\/div>\n\t\t\t\t<div class=\"elementor-column elementor-col-50 elementor-top-column elementor-element elementor-element-1147883\" data-id=\"1147883\" data-element_type=\"column\" data-e-type=\"column\">\n\t\t\t<div class=\"elementor-widget-wrap elementor-element-populated\">\n\t\t\t\t\t\t<div class=\"elementor-element elementor-element-857541c elementor-widget elementor-widget-video\" data-id=\"857541c\" data-element_type=\"widget\" data-e-type=\"widget\" data-settings=\"{&quot;video_type&quot;:&quot;hosted&quot;,&quot;show_image_overlay&quot;:&quot;yes&quot;,&quot;image_overlay&quot;:{&quot;url&quot;:&quot;https:\\\/\\\/www.employerland.it\\\/it\\\/wp-content\\\/uploads\\\/2022\\\/04\\\/play.png&quot;,&quot;id&quot;:466,&quot;size&quot;:&quot;&quot;,&quot;alt&quot;:&quot;&quot;,&quot;source&quot;:&quot;library&quot;},&quot;controls&quot;:&quot;yes&quot;}\" data-widget_type=\"video.default\">\n\t\t\t\t<div class=\"elementor-widget-container\">\n\t\t\t\t\t\t\t<div class=\"e-hosted-video elementor-wrapper elementor-open-inline\">\n\t\t\t\t\t<video class=\"elementor-video\" src=\"https:\/\/www.employerland.it\/it\/media\/Urban_Escape_training_V2.mp4\" controls=\"\" preload=\"metadata\" controlsList=\"nodownload\" poster=\"https:\/\/www.employerland.it\/it\/wp-content\/uploads\/2022\/04\/Urban_Escape_Training_poster.png\"><\/video>\n\t\t\t\t\t\t<div class=\"elementor-custom-embed-image-overlay\" style=\"background-image: url(https:\/\/www.employerland.it\/it\/wp-content\/uploads\/2022\/04\/play.png);\">\n\t\t\t\t\t\t\t\t\t\t\t\t\t\t<\/div>\n\t\t\t\t\t<\/div>\n\t\t\t\t\t\t<\/div>\n\t\t\t\t<\/div>\n\t\t\t\t\t<\/div>\n\t\t<\/div>\n\t\t\t\t\t<\/div>\n\t\t<\/section>\n\t\t\t\t<section class=\"elementor-section elementor-top-section elementor-element elementor-element-ef8033c elementor-section-boxed elementor-section-height-default elementor-section-height-default\" data-id=\"ef8033c\" data-element_type=\"section\" data-e-type=\"section\">\n\t\t\t\t\t\t<div class=\"elementor-container elementor-column-gap-default\">\n\t\t\t\t\t<div class=\"elementor-column elementor-col-100 elementor-top-column elementor-element elementor-element-7c89f67\" data-id=\"7c89f67\" data-element_type=\"column\" data-e-type=\"column\">\n\t\t\t<div class=\"elementor-widget-wrap elementor-element-populated\">\n\t\t\t\t\t\t<div class=\"elementor-element elementor-element-9d6e741 elementor-widget elementor-widget-spacer\" data-id=\"9d6e741\" data-element_type=\"widget\" data-e-type=\"widget\" data-widget_type=\"spacer.default\">\n\t\t\t\t<div class=\"elementor-widget-container\">\n\t\t\t\t\t\t\t<div class=\"elementor-spacer\">\n\t\t\t<div class=\"elementor-spacer-inner\"><\/div>\n\t\t<\/div>\n\t\t\t\t\t\t<\/div>\n\t\t\t\t<\/div>\n\t\t\t\t\t<\/div>\n\t\t<\/div>\n\t\t\t\t\t<\/div>\n\t\t<\/section>\n\t\t\t\t<\/div>\n\t\t","protected":false},"excerpt":{"rendered":"<p>ONBOARDING &#038; TRAINING Un nuovo format \u201clive\u201d pensato per la formazione del personale dei dipendenti interni.\u00a0 Una serie di enigmi e trappole saranno sparse per le citt\u00e0 aspettando il team che pi\u00f9 velocemente sapr\u00e0 trovare e risolvere tutti gli elementi del game. Gli obiettivi del percorso Urban Escape Training: Riconnetterele persone Ripartiredai nostri team Ridarestimoli [&hellip;]<\/p>\n","protected":false},"author":5,"featured_media":671,"parent":0,"menu_order":0,"comment_status":"closed","ping_status":"closed","template":"","meta":{"footnotes":""},"class_list":["post-657","page","type-page","status-publish","has-post-thumbnail","hentry"],"publishpress_future_action":{"enabled":false,"date":"2026-04-30 13:58:08","action":"change-status","newStatus":"draft","terms":[],"taxonomy":"","extraData":[]},"publishpress_future_workflow_manual_trigger":{"enabledWorkflows":[]},"_links":{"self":[{"href":"https:\/\/www.employerland.it\/it\/wp-json\/wp\/v2\/pages\/657","targetHints":{"allow":["GET"]}}],"collection":[{"href":"https:\/\/www.employerland.it\/it\/wp-json\/wp\/v2\/pages"}],"about":[{"href":"https:\/\/www.employerland.it\/it\/wp-json\/wp\/v2\/types\/page"}],"author":[{"embeddable":true,"href":"https:\/\/www.employerland.it\/it\/wp-json\/wp\/v2\/users\/5"}],"replies":[{"embeddable":true,"href":"https:\/\/www.employerland.it\/it\/wp-json\/wp\/v2\/comments?post=657"}],"version-history":[{"count":52,"href":"https:\/\/www.employerland.it\/it\/wp-json\/wp\/v2\/pages\/657\/revisions"}],"predecessor-version":[{"id":1856,"href":"https:\/\/www.employerland.it\/it\/wp-json\/wp\/v2\/pages\/657\/revisions\/1856"}],"wp:featuredmedia":[{"embeddable":true,"href":"https:\/\/www.employerland.it\/it\/wp-json\/wp\/v2\/media\/671"}],"wp:attachment":[{"href":"https:\/\/www.employerland.it\/it\/wp-json\/wp\/v2\/media?parent=657"}],"curies":[{"name":"wp","href":"https:\/\/api.w.org\/{rel}","templated":true}]}}