{"id":454,"date":"2022-04-05T20:05:41","date_gmt":"2022-04-05T18:05:41","guid":{"rendered":"https:\/\/www.taglab.it\/demo\/employerland\/?page_id=454"},"modified":"2022-06-29T12:52:50","modified_gmt":"2022-06-29T10:52:50","slug":"planet-o","status":"publish","type":"page","link":"https:\/\/www.employerland.it\/it\/planet-o\/","title":{"rendered":"Planet O"},"content":{"rendered":"\t\t<div data-elementor-type=\"wp-page\" data-elementor-id=\"454\" class=\"elementor elementor-454\" data-elementor-post-type=\"page\">\n\t\t\t\t\t\t<section class=\"elementor-section elementor-top-section elementor-element elementor-element-8ff5371 elementor-section-boxed elementor-section-height-default elementor-section-height-default elementor-invisible\" data-id=\"8ff5371\" data-element_type=\"section\" data-e-type=\"section\" data-settings=\"{&quot;animation&quot;:&quot;fadeInLeft&quot;}\">\n\t\t\t\t\t\t<div class=\"elementor-container elementor-column-gap-default\">\n\t\t\t\t\t<div class=\"elementor-column elementor-col-100 elementor-top-column elementor-element elementor-element-41d150d\" data-id=\"41d150d\" data-element_type=\"column\" data-e-type=\"column\">\n\t\t\t<div class=\"elementor-widget-wrap elementor-element-populated\">\n\t\t\t\t\t\t<div class=\"elementor-element elementor-element-b1c9aaf elementor-widget elementor-widget-image\" data-id=\"b1c9aaf\" data-element_type=\"widget\" data-e-type=\"widget\" data-widget_type=\"image.default\">\n\t\t\t\t<div class=\"elementor-widget-container\">\n\t\t\t\t\t\t\t\t\t\t\t\t\t\t\t<img decoding=\"async\" width=\"300\" height=\"150\" src=\"https:\/\/www.employerland.it\/it\/wp-content\/uploads\/2022\/04\/Planet_O_left-300x150.png\" class=\"attachment-medium size-medium wp-image-424\" alt=\"\" srcset=\"https:\/\/www.employerland.it\/it\/wp-content\/uploads\/2022\/04\/Planet_O_left-300x150.png 300w, https:\/\/www.employerland.it\/it\/wp-content\/uploads\/2022\/04\/Planet_O_left.png 600w\" sizes=\"(max-width: 300px) 100vw, 300px\" \/>\t\t\t\t\t\t\t\t\t\t\t\t\t\t\t<\/div>\n\t\t\t\t<\/div>\n\t\t\t\t\t<\/div>\n\t\t<\/div>\n\t\t\t\t\t<\/div>\n\t\t<\/section>\n\t\t\t\t<section class=\"elementor-section elementor-top-section elementor-element elementor-element-debe5f4 elementor-section-boxed elementor-section-height-default elementor-section-height-default elementor-invisible\" data-id=\"debe5f4\" data-element_type=\"section\" data-e-type=\"section\" data-settings=\"{&quot;animation&quot;:&quot;fadeInRight&quot;}\">\n\t\t\t\t\t\t<div class=\"elementor-container elementor-column-gap-wider\">\n\t\t\t\t\t<div class=\"elementor-column elementor-col-50 elementor-top-column elementor-element elementor-element-aefb9b4\" data-id=\"aefb9b4\" data-element_type=\"column\" data-e-type=\"column\">\n\t\t\t<div class=\"elementor-widget-wrap elementor-element-populated\">\n\t\t\t\t\t\t<div class=\"elementor-element elementor-element-f96ee11 elementor-widget elementor-widget-text-editor\" data-id=\"f96ee11\" data-element_type=\"widget\" data-e-type=\"widget\" data-widget_type=\"text-editor.default\">\n\t\t\t\t<div class=\"elementor-widget-container\">\n\t\t\t\t\t\t\t\t\t<p>Collaborare insieme per una nuova e incredibile experience pensata per scoprire e sviluppare le potenzialit\u00e0 dei collaboratori in azienda e per i candidati inseriti nei processi di Talent Acquisition.<br \/>Le nuove generazioni sono sempre pi\u00f9 attente alla cultura e ai valori delle aziende dove andranno a lavorare, costruisci insieme a noi le tue iniziative di Employer Branding.<\/p><p>Planet O \u00e8 un gioco collaborativo che mette i partecipanti di fronte alle sfide che l&#8217;umanit\u00e0 dovr\u00e0 affrontare per risolvere la crisi climatica e salvare il pianeta Terra. Attraverso un gioco di strategia collaborativa che tratta i cambiamenti climatici come la vera sfida del secolo.<\/p><p><strong>Solo l\u2019umanit\u00e0, unita, pu\u00f2 realmente salvare la Terra!<\/strong><\/p>\t\t\t\t\t\t\t\t<\/div>\n\t\t\t\t<\/div>\n\t\t\t\t<div class=\"elementor-element elementor-element-388976d elementor-widget elementor-widget-heading\" data-id=\"388976d\" data-element_type=\"widget\" data-e-type=\"widget\" data-widget_type=\"heading.default\">\n\t\t\t\t<div class=\"elementor-widget-container\">\n\t\t\t\t\t<div class=\"elementor-heading-title elementor-size-default\"><a href=\"https:\/\/www.employerland.it\/it\/#contatti\">Richiedi info<\/a><\/div>\t\t\t\t<\/div>\n\t\t\t\t<\/div>\n\t\t\t\t\t<\/div>\n\t\t<\/div>\n\t\t\t\t<div class=\"elementor-column elementor-col-50 elementor-top-column elementor-element elementor-element-3636efe\" data-id=\"3636efe\" data-element_type=\"column\" data-e-type=\"column\">\n\t\t\t<div class=\"elementor-widget-wrap elementor-element-populated\">\n\t\t\t\t\t\t<div class=\"elementor-element elementor-element-6b4564c elementor-widget elementor-widget-video\" data-id=\"6b4564c\" data-element_type=\"widget\" data-e-type=\"widget\" data-settings=\"{&quot;video_type&quot;:&quot;hosted&quot;,&quot;show_image_overlay&quot;:&quot;yes&quot;,&quot;image_overlay&quot;:{&quot;url&quot;:&quot;https:\\\/\\\/www.employerland.it\\\/it\\\/wp-content\\\/uploads\\\/2022\\\/04\\\/play.png&quot;,&quot;id&quot;:466,&quot;size&quot;:&quot;&quot;,&quot;alt&quot;:&quot;&quot;,&quot;source&quot;:&quot;library&quot;},&quot;controls&quot;:&quot;yes&quot;}\" data-widget_type=\"video.default\">\n\t\t\t\t<div class=\"elementor-widget-container\">\n\t\t\t\t\t\t\t<div class=\"e-hosted-video elementor-wrapper elementor-open-inline\">\n\t\t\t\t\t<video class=\"elementor-video\" src=\"https:\/\/www.employerland.it\/it\/wp-content\/uploads\/2022\/04\/Planet_O_VIDEO.mp4\" controls=\"\" preload=\"metadata\" controlsList=\"nodownload\"><\/video>\n\t\t\t\t\t\t<div class=\"elementor-custom-embed-image-overlay\" style=\"background-image: url(https:\/\/www.employerland.it\/it\/wp-content\/uploads\/2022\/04\/play.png);\">\n\t\t\t\t\t\t\t\t\t\t\t\t\t\t<\/div>\n\t\t\t\t\t<\/div>\n\t\t\t\t\t\t<\/div>\n\t\t\t\t<\/div>\n\t\t\t\t\t<\/div>\n\t\t<\/div>\n\t\t\t\t\t<\/div>\n\t\t<\/section>\n\t\t\t\t<\/div>\n\t\t","protected":false},"excerpt":{"rendered":"<p>Collaborare insieme per una nuova e incredibile experience pensata per scoprire e sviluppare le potenzialit\u00e0 dei collaboratori in azienda e per i candidati inseriti nei processi di Talent Acquisition.Le nuove generazioni sono sempre pi\u00f9 attente alla cultura e ai valori delle aziende dove andranno a lavorare, costruisci insieme a noi le tue iniziative di Employer [&hellip;]<\/p>\n","protected":false},"author":5,"featured_media":420,"parent":0,"menu_order":0,"comment_status":"closed","ping_status":"closed","template":"","meta":{"footnotes":""},"class_list":["post-454","page","type-page","status-publish","has-post-thumbnail","hentry"],"publishpress_future_action":{"enabled":false,"date":"2026-04-30 14:01:20","action":"change-status","newStatus":"draft","terms":[],"taxonomy":"","extraData":[]},"publishpress_future_workflow_manual_trigger":{"enabledWorkflows":[]},"_links":{"self":[{"href":"https:\/\/www.employerland.it\/it\/wp-json\/wp\/v2\/pages\/454","targetHints":{"allow":["GET"]}}],"collection":[{"href":"https:\/\/www.employerland.it\/it\/wp-json\/wp\/v2\/pages"}],"about":[{"href":"https:\/\/www.employerland.it\/it\/wp-json\/wp\/v2\/types\/page"}],"author":[{"embeddable":true,"href":"https:\/\/www.employerland.it\/it\/wp-json\/wp\/v2\/users\/5"}],"replies":[{"embeddable":true,"href":"https:\/\/www.employerland.it\/it\/wp-json\/wp\/v2\/comments?post=454"}],"version-history":[{"count":31,"href":"https:\/\/www.employerland.it\/it\/wp-json\/wp\/v2\/pages\/454\/revisions"}],"predecessor-version":[{"id":1807,"href":"https:\/\/www.employerland.it\/it\/wp-json\/wp\/v2\/pages\/454\/revisions\/1807"}],"wp:featuredmedia":[{"embeddable":true,"href":"https:\/\/www.employerland.it\/it\/wp-json\/wp\/v2\/media\/420"}],"wp:attachment":[{"href":"https:\/\/www.employerland.it\/it\/wp-json\/wp\/v2\/media?parent=454"}],"curies":[{"name":"wp","href":"https:\/\/api.w.org\/{rel}","templated":true}]}}