{"id":184,"date":"2022-04-05T11:59:47","date_gmt":"2022-04-05T09:59:47","guid":{"rendered":"https:\/\/www.taglab.it\/demo\/employerland\/?page_id=184"},"modified":"2022-05-29T18:23:19","modified_gmt":"2022-05-29T16:23:19","slug":"chi-siamo","status":"publish","type":"page","link":"https:\/\/www.employerland.it\/it\/chi-siamo\/","title":{"rendered":"Chi siamo"},"content":{"rendered":"\t\t<div data-elementor-type=\"wp-page\" data-elementor-id=\"184\" class=\"elementor elementor-184\" data-elementor-post-type=\"page\">\n\t\t\t\t\t\t<section class=\"elementor-section elementor-top-section elementor-element elementor-element-717fa62 elementor-section-height-min-height elementor-section-boxed elementor-section-height-default elementor-section-items-middle\" data-id=\"717fa62\" data-element_type=\"section\" data-e-type=\"section\" data-settings=\"{&quot;background_background&quot;:&quot;classic&quot;,&quot;background_motion_fx_motion_fx_scrolling&quot;:&quot;yes&quot;,&quot;background_motion_fx_devices&quot;:[&quot;desktop&quot;,&quot;tablet&quot;,&quot;mobile&quot;]}\">\n\t\t\t\t\t\t<div class=\"elementor-container elementor-column-gap-default\">\n\t\t\t\t\t<div class=\"elementor-column elementor-col-100 elementor-top-column elementor-element elementor-element-11547a6\" data-id=\"11547a6\" data-element_type=\"column\" data-e-type=\"column\">\n\t\t\t<div class=\"elementor-widget-wrap elementor-element-populated\">\n\t\t\t\t\t\t<div class=\"elementor-element elementor-element-ae3b0d2 elementor-widget__width-auto elementor-view-default elementor-widget elementor-widget-icon\" data-id=\"ae3b0d2\" data-element_type=\"widget\" data-e-type=\"widget\" data-widget_type=\"icon.default\">\n\t\t\t\t<div class=\"elementor-widget-container\">\n\t\t\t\t\t\t\t<div class=\"elementor-icon-wrapper\">\n\t\t\t<div class=\"elementor-icon\">\n\t\t\t<i aria-hidden=\"true\" class=\"fas fa-square-full\"><\/i>\t\t\t<\/div>\n\t\t<\/div>\n\t\t\t\t\t\t<\/div>\n\t\t\t\t<\/div>\n\t\t\t\t<div class=\"elementor-element elementor-element-4f17ae5 elementor-widget__width-auto elementor-widget elementor-widget-heading\" data-id=\"4f17ae5\" data-element_type=\"widget\" data-e-type=\"widget\" data-widget_type=\"heading.default\">\n\t\t\t\t<div class=\"elementor-widget-container\">\n\t\t\t\t\t<h1 class=\"elementor-heading-title elementor-size-default\">Chi siamo<\/h1>\t\t\t\t<\/div>\n\t\t\t\t<\/div>\n\t\t\t\t\t<\/div>\n\t\t<\/div>\n\t\t\t\t\t<\/div>\n\t\t<\/section>\n\t\t\t\t<section class=\"elementor-section elementor-top-section elementor-element elementor-element-ddafbe5 elementor-section-boxed elementor-section-height-default elementor-section-height-default elementor-invisible\" data-id=\"ddafbe5\" data-element_type=\"section\" data-e-type=\"section\" data-settings=\"{&quot;background_background&quot;:&quot;classic&quot;,&quot;animation&quot;:&quot;fadeIn&quot;}\">\n\t\t\t\t\t\t<div class=\"elementor-container elementor-column-gap-default\">\n\t\t\t\t\t<div class=\"elementor-column elementor-col-66 elementor-top-column elementor-element elementor-element-a3d6c36 elementor-invisible\" data-id=\"a3d6c36\" data-element_type=\"column\" data-e-type=\"column\" data-settings=\"{&quot;animation&quot;:&quot;fadeInUp&quot;}\">\n\t\t\t<div class=\"elementor-widget-wrap elementor-element-populated\">\n\t\t\t\t\t\t<div class=\"elementor-element elementor-element-d0f8d4e elementor-widget elementor-widget-heading\" data-id=\"d0f8d4e\" data-element_type=\"widget\" data-e-type=\"widget\" data-widget_type=\"heading.default\">\n\t\t\t\t<div class=\"elementor-widget-container\">\n\t\t\t\t\t<div class=\"elementor-heading-title elementor-size-default\">Employerland \u00e8 una startup nata a Roma che ha portato la gamification nel mondo del lavoro!<\/div>\t\t\t\t<\/div>\n\t\t\t\t<\/div>\n\t\t\t\t<div class=\"elementor-element elementor-element-945ffb1 elementor-widget elementor-widget-text-editor\" data-id=\"945ffb1\" data-element_type=\"widget\" data-e-type=\"widget\" data-widget_type=\"text-editor.default\">\n\t\t\t\t<div class=\"elementor-widget-container\">\n\t\t\t\t\t\t\t\t\t<p>Siamo la prima HR Boutique attraverso cui giovani ad alto potenziale hanno la possibilit\u00e0 di entrare in contatto con delle grandissime realt\u00e0 aziendali. Grazie ai tanti strumenti realizzati dal team di Employerland i giovani candidati hanno la possibilit\u00e0 di misurare le proprie competenze, candidarsi alle posizioni aperte e incontrare le aziende dei loro sogni.<\/p><p>Employerland \u00e8 in grado di offrire numerose soluzioni orientate alla costruzione di progetti ad hoc altamente professionali. Non solo strumenti di attraction per i pi\u00f9 giovani, ma anche interessanti soluzioni per l\u2019onboarding e la formazione del personale gi\u00e0 assunto in azienda.<\/p><p>Employerland \u00e8 un modo nuovo ed innovativo per offrire servizi per le aziende in grado di creare un ponte diretto fra giovani (sempre pi\u00f9 smart e orientati al mondo delle tecnologie) ed imprese ma, soprattutto, \u00e8 uno strumento altamente professionale, rivoluzionario, che consente di realizzare soluzioni customizzate e adatte ad ogni tipo di esigenza.<\/p>\t\t\t\t\t\t\t\t<\/div>\n\t\t\t\t<\/div>\n\t\t\t\t\t<\/div>\n\t\t<\/div>\n\t\t\t\t<div class=\"elementor-column elementor-col-33 elementor-top-column elementor-element elementor-element-34bb4c9\" data-id=\"34bb4c9\" data-element_type=\"column\" data-e-type=\"column\">\n\t\t\t<div class=\"elementor-widget-wrap elementor-element-populated\">\n\t\t\t\t\t\t<div class=\"elementor-element elementor-element-855aeff elementor-widget elementor-widget-image\" data-id=\"855aeff\" data-element_type=\"widget\" data-e-type=\"widget\" data-widget_type=\"image.default\">\n\t\t\t\t<div class=\"elementor-widget-container\">\n\t\t\t\t\t\t\t\t\t\t\t\t\t\t\t<img fetchpriority=\"high\" decoding=\"async\" width=\"800\" height=\"482\" src=\"https:\/\/www.employerland.it\/it\/wp-content\/uploads\/2022\/05\/rock-your-mind-festival-2021-1024x617.jpg\" class=\"attachment-large size-large wp-image-1656\" alt=\"\" srcset=\"https:\/\/www.employerland.it\/it\/wp-content\/uploads\/2022\/05\/rock-your-mind-festival-2021-1024x617.jpg 1024w, https:\/\/www.employerland.it\/it\/wp-content\/uploads\/2022\/05\/rock-your-mind-festival-2021-300x181.jpg 300w, https:\/\/www.employerland.it\/it\/wp-content\/uploads\/2022\/05\/rock-your-mind-festival-2021-768x462.jpg 768w, https:\/\/www.employerland.it\/it\/wp-content\/uploads\/2022\/05\/rock-your-mind-festival-2021-1536x925.jpg 1536w, https:\/\/www.employerland.it\/it\/wp-content\/uploads\/2022\/05\/rock-your-mind-festival-2021.jpg 1850w\" sizes=\"(max-width: 800px) 100vw, 800px\" \/>\t\t\t\t\t\t\t\t\t\t\t\t\t\t\t<\/div>\n\t\t\t\t<\/div>\n\t\t\t\t<div class=\"elementor-element elementor-element-0dc2943 elementor-widget elementor-widget-image\" data-id=\"0dc2943\" data-element_type=\"widget\" data-e-type=\"widget\" data-widget_type=\"image.default\">\n\t\t\t\t<div class=\"elementor-widget-container\">\n\t\t\t\t\t\t\t\t\t\t\t\t\t\t\t<img decoding=\"async\" width=\"800\" height=\"529\" src=\"https:\/\/www.employerland.it\/it\/wp-content\/uploads\/2022\/05\/EY2-1024x677.jpg\" class=\"attachment-large size-large wp-image-1657\" alt=\"\" srcset=\"https:\/\/www.employerland.it\/it\/wp-content\/uploads\/2022\/05\/EY2-1024x677.jpg 1024w, https:\/\/www.employerland.it\/it\/wp-content\/uploads\/2022\/05\/EY2-300x198.jpg 300w, https:\/\/www.employerland.it\/it\/wp-content\/uploads\/2022\/05\/EY2-768x508.jpg 768w, https:\/\/www.employerland.it\/it\/wp-content\/uploads\/2022\/05\/EY2.jpg 1200w\" sizes=\"(max-width: 800px) 100vw, 800px\" \/>\t\t\t\t\t\t\t\t\t\t\t\t\t\t\t<\/div>\n\t\t\t\t<\/div>\n\t\t\t\t\t<\/div>\n\t\t<\/div>\n\t\t\t\t\t<\/div>\n\t\t<\/section>\n\t\t\t\t<\/div>\n\t\t","protected":false},"excerpt":{"rendered":"<p>Chi siamo Employerland \u00e8 una startup nata a Roma che ha portato la gamification nel mondo del lavoro! Siamo la prima HR Boutique attraverso cui giovani ad alto potenziale hanno la possibilit\u00e0 di entrare in contatto con delle grandissime realt\u00e0 aziendali. Grazie ai tanti strumenti realizzati dal team di Employerland i giovani candidati hanno la [&hellip;]<\/p>\n","protected":false},"author":5,"featured_media":74,"parent":0,"menu_order":0,"comment_status":"closed","ping_status":"closed","template":"","meta":{"footnotes":""},"class_list":["post-184","page","type-page","status-publish","has-post-thumbnail","hentry"],"publishpress_future_action":{"enabled":false,"date":"2026-04-30 13:58:08","action":"change-status","newStatus":"draft","terms":[],"taxonomy":"","extraData":[]},"publishpress_future_workflow_manual_trigger":{"enabledWorkflows":[]},"_links":{"self":[{"href":"https:\/\/www.employerland.it\/it\/wp-json\/wp\/v2\/pages\/184","targetHints":{"allow":["GET"]}}],"collection":[{"href":"https:\/\/www.employerland.it\/it\/wp-json\/wp\/v2\/pages"}],"about":[{"href":"https:\/\/www.employerland.it\/it\/wp-json\/wp\/v2\/types\/page"}],"author":[{"embeddable":true,"href":"https:\/\/www.employerland.it\/it\/wp-json\/wp\/v2\/users\/5"}],"replies":[{"embeddable":true,"href":"https:\/\/www.employerland.it\/it\/wp-json\/wp\/v2\/comments?post=184"}],"version-history":[{"count":88,"href":"https:\/\/www.employerland.it\/it\/wp-json\/wp\/v2\/pages\/184\/revisions"}],"predecessor-version":[{"id":1666,"href":"https:\/\/www.employerland.it\/it\/wp-json\/wp\/v2\/pages\/184\/revisions\/1666"}],"wp:featuredmedia":[{"embeddable":true,"href":"https:\/\/www.employerland.it\/it\/wp-json\/wp\/v2\/media\/74"}],"wp:attachment":[{"href":"https:\/\/www.employerland.it\/it\/wp-json\/wp\/v2\/media?parent=184"}],"curies":[{"name":"wp","href":"https:\/\/api.w.org\/{rel}","templated":true}]}}