{"id":1055,"date":"2022-04-25T19:54:14","date_gmt":"2022-04-25T17:54:14","guid":{"rendered":"https:\/\/www.taglab.it\/demo\/employerland\/?page_id=1055"},"modified":"2022-06-29T12:44:16","modified_gmt":"2022-06-29T10:44:16","slug":"me-lo-merito","status":"publish","type":"page","link":"https:\/\/www.employerland.it\/it\/me-lo-merito\/","title":{"rendered":"Me lo merito"},"content":{"rendered":"\t\t<div data-elementor-type=\"wp-page\" data-elementor-id=\"1055\" class=\"elementor elementor-1055\" data-elementor-post-type=\"page\">\n\t\t\t\t\t\t<section class=\"elementor-section elementor-top-section elementor-element elementor-element-7b2eba4 elementor-section-boxed elementor-section-height-default elementor-section-height-default elementor-invisible\" data-id=\"7b2eba4\" data-element_type=\"section\" data-e-type=\"section\" data-settings=\"{&quot;animation&quot;:&quot;fadeInLeft&quot;}\">\n\t\t\t\t\t\t<div class=\"elementor-container elementor-column-gap-default\">\n\t\t\t\t\t<div class=\"elementor-column elementor-col-100 elementor-top-column elementor-element elementor-element-5f1ab12\" data-id=\"5f1ab12\" data-element_type=\"column\" data-e-type=\"column\">\n\t\t\t<div class=\"elementor-widget-wrap elementor-element-populated\">\n\t\t\t\t\t\t<div class=\"elementor-element elementor-element-bfbc033 elementor-widget elementor-widget-image\" data-id=\"bfbc033\" data-element_type=\"widget\" data-e-type=\"widget\" data-widget_type=\"image.default\">\n\t\t\t\t<div class=\"elementor-widget-container\">\n\t\t\t\t\t\t\t\t\t\t\t\t\t\t\t<img decoding=\"async\" width=\"300\" height=\"150\" src=\"https:\/\/www.employerland.it\/it\/wp-content\/uploads\/2022\/04\/melomerito-left-300x150.png\" class=\"attachment-medium size-medium wp-image-1060\" alt=\"\" srcset=\"https:\/\/www.employerland.it\/it\/wp-content\/uploads\/2022\/04\/melomerito-left-300x150.png 300w, https:\/\/www.employerland.it\/it\/wp-content\/uploads\/2022\/04\/melomerito-left.png 600w\" sizes=\"(max-width: 300px) 100vw, 300px\" \/>\t\t\t\t\t\t\t\t\t\t\t\t\t\t\t<\/div>\n\t\t\t\t<\/div>\n\t\t\t\t\t<\/div>\n\t\t<\/div>\n\t\t\t\t\t<\/div>\n\t\t<\/section>\n\t\t\t\t<section class=\"elementor-section elementor-top-section elementor-element elementor-element-ceced38 elementor-section-boxed elementor-section-height-default elementor-section-height-default elementor-invisible\" data-id=\"ceced38\" data-element_type=\"section\" data-e-type=\"section\" data-settings=\"{&quot;animation&quot;:&quot;fadeInRight&quot;}\">\n\t\t\t\t\t\t<div class=\"elementor-container elementor-column-gap-wider\">\n\t\t\t\t\t<div class=\"elementor-column elementor-col-50 elementor-top-column elementor-element elementor-element-f2ac451\" data-id=\"f2ac451\" data-element_type=\"column\" data-e-type=\"column\">\n\t\t\t<div class=\"elementor-widget-wrap elementor-element-populated\">\n\t\t\t\t\t\t<div class=\"elementor-element elementor-element-9acb9b4 elementor-widget elementor-widget-text-editor\" data-id=\"9acb9b4\" data-element_type=\"widget\" data-e-type=\"widget\" data-widget_type=\"text-editor.default\">\n\t\t\t\t<div class=\"elementor-widget-container\">\n\t\t\t\t\t\t\t\t\t<p><strong>#MELOMERITO<\/strong> \u00e8 il Recruiting Day dedicato alle persone e alle aziende che credono fortemente nel merito.<\/p><p>Una giornata in cui i candidati incontrano le imprese e hanno l&#8217;opportunit\u00e0 di lasciare il proprio CV ai desk informativi. Per chi se lo merita, inoltre, \u00e8 previsto lo Skill-Pass che permetter\u00e0 di saltare la fila e sostenere un colloquio di selezione individuale.<\/p><p>Milano, Roma, Napoli sono solo alcune delle citt\u00e0 protagoniste in cui il merito fa la differenza.<\/p><p>Tornare in presenza e dire #melomerito finalmente si pu\u00f2!<\/p><p><strong>Quando il lavoro incontra il merito.<\/strong><\/p>\t\t\t\t\t\t\t\t<\/div>\n\t\t\t\t<\/div>\n\t\t\t\t<div class=\"elementor-element elementor-element-bc567fa elementor-widget elementor-widget-heading\" data-id=\"bc567fa\" data-element_type=\"widget\" data-e-type=\"widget\" data-widget_type=\"heading.default\">\n\t\t\t\t<div class=\"elementor-widget-container\">\n\t\t\t\t\t<div class=\"elementor-heading-title elementor-size-default\"><a href=\"https:\/\/www.employerland.it\/it\/#contatti\">Richiedi info<\/a><\/div>\t\t\t\t<\/div>\n\t\t\t\t<\/div>\n\t\t\t\t\t<\/div>\n\t\t<\/div>\n\t\t\t\t<div class=\"elementor-column elementor-col-50 elementor-top-column elementor-element elementor-element-9d365f7\" data-id=\"9d365f7\" data-element_type=\"column\" data-e-type=\"column\">\n\t\t\t<div class=\"elementor-widget-wrap elementor-element-populated\">\n\t\t\t\t\t\t<div class=\"elementor-element elementor-element-723e54a elementor-widget elementor-widget-image\" data-id=\"723e54a\" data-element_type=\"widget\" data-e-type=\"widget\" data-widget_type=\"image.default\">\n\t\t\t\t<div class=\"elementor-widget-container\">\n\t\t\t\t\t\t\t\t\t\t\t\t\t\t\t<img fetchpriority=\"high\" decoding=\"async\" width=\"800\" height=\"450\" src=\"https:\/\/www.employerland.it\/it\/wp-content\/uploads\/2022\/04\/Melomerito-1024x576.jpg\" class=\"attachment-large size-large wp-image-1058\" alt=\"\" srcset=\"https:\/\/www.employerland.it\/it\/wp-content\/uploads\/2022\/04\/Melomerito-1024x576.jpg 1024w, https:\/\/www.employerland.it\/it\/wp-content\/uploads\/2022\/04\/Melomerito-300x169.jpg 300w, https:\/\/www.employerland.it\/it\/wp-content\/uploads\/2022\/04\/Melomerito-768x432.jpg 768w, https:\/\/www.employerland.it\/it\/wp-content\/uploads\/2022\/04\/Melomerito-1536x864.jpg 1536w, https:\/\/www.employerland.it\/it\/wp-content\/uploads\/2022\/04\/Melomerito.jpg 1600w\" sizes=\"(max-width: 800px) 100vw, 800px\" \/>\t\t\t\t\t\t\t\t\t\t\t\t\t\t\t<\/div>\n\t\t\t\t<\/div>\n\t\t\t\t\t<\/div>\n\t\t<\/div>\n\t\t\t\t\t<\/div>\n\t\t<\/section>\n\t\t\t\t<\/div>\n\t\t","protected":false},"excerpt":{"rendered":"<p>#MELOMERITO \u00e8 il Recruiting Day dedicato alle persone e alle aziende che credono fortemente nel merito. Una giornata in cui i candidati incontrano le imprese e hanno l&#8217;opportunit\u00e0 di lasciare il proprio CV ai desk informativi. Per chi se lo merita, inoltre, \u00e8 previsto lo Skill-Pass che permetter\u00e0 di saltare la fila e sostenere un [&hellip;]<\/p>\n","protected":false},"author":5,"featured_media":1058,"parent":0,"menu_order":0,"comment_status":"closed","ping_status":"closed","template":"","meta":{"footnotes":""},"class_list":["post-1055","page","type-page","status-publish","has-post-thumbnail","hentry"],"publishpress_future_action":{"enabled":false,"date":"2026-04-30 14:04:18","action":"change-status","newStatus":"draft","terms":[],"taxonomy":"","extraData":[]},"publishpress_future_workflow_manual_trigger":{"enabledWorkflows":[]},"_links":{"self":[{"href":"https:\/\/www.employerland.it\/it\/wp-json\/wp\/v2\/pages\/1055","targetHints":{"allow":["GET"]}}],"collection":[{"href":"https:\/\/www.employerland.it\/it\/wp-json\/wp\/v2\/pages"}],"about":[{"href":"https:\/\/www.employerland.it\/it\/wp-json\/wp\/v2\/types\/page"}],"author":[{"embeddable":true,"href":"https:\/\/www.employerland.it\/it\/wp-json\/wp\/v2\/users\/5"}],"replies":[{"embeddable":true,"href":"https:\/\/www.employerland.it\/it\/wp-json\/wp\/v2\/comments?post=1055"}],"version-history":[{"count":25,"href":"https:\/\/www.employerland.it\/it\/wp-json\/wp\/v2\/pages\/1055\/revisions"}],"predecessor-version":[{"id":1795,"href":"https:\/\/www.employerland.it\/it\/wp-json\/wp\/v2\/pages\/1055\/revisions\/1795"}],"wp:featuredmedia":[{"embeddable":true,"href":"https:\/\/www.employerland.it\/it\/wp-json\/wp\/v2\/media\/1058"}],"wp:attachment":[{"href":"https:\/\/www.employerland.it\/it\/wp-json\/wp\/v2\/media?parent=1055"}],"curies":[{"name":"wp","href":"https:\/\/api.w.org\/{rel}","templated":true}]}}